{"id":3539,"date":"2021-08-04T13:28:35","date_gmt":"2021-08-04T13:28:35","guid":{"rendered":"https:\/\/ciframa.com.mx\/?page_id=3539"},"modified":"2021-08-17T14:22:17","modified_gmt":"2021-08-17T14:22:17","slug":"servicios","status":"publish","type":"page","link":"https:\/\/ciframa.com.mx\/index.php\/servicios\/","title":{"rendered":"Servicios"},"content":{"rendered":"<div class=\"wpb-content-wrapper\">[vc_row full_width=\u00bbstretch_row\u00bb bg_cws_repeat=\u00bbno-repeat\u00bb bg_cws_size=\u00bbcover\u00bb bg_image_position=\u00bbcenter_center\u00bb css=\u00bb.vc_custom_1628119062079{padding-top: 5rem !important;padding-bottom: 5rem !important;background-color: #ffffff !important;}\u00bb el_id=\u00bbservicios\u00bb][vc_column][vc_row_inner css=\u00bb.vc_custom_1628119068110{margin-bottom: 4rem !important;}\u00bb][vc_column_inner width=\u00bb2\/3&#8243;]<div class='cws_textmodule cws_vc_shortcode_module' id='cws_textmodule_69d036a65623d'><div class='cws_textmodule_wrapper '><div class='cws_textmodule_text text_align_left'><div class='cws_textmodule_titles display_block'><h1 class='cws_textmodule_title'><span>Diversos Sectores de Plantas Industriales<\/span><\/h1><\/div><div class='cws_textmodule_content'><div class='text_content_wrapper'><p><span style=\"font-weight: 400;\"><strong>Dentro de los servicios que manejamos y ofrecemos son:<\/strong> pailer\u00eda especializada, sand blast, pintura, limpieza hidrodin\u00e1mica, fabricaci\u00f3n de equipos, fabricaci\u00f3n de recipientes sujetos a presi\u00f3n <em>(estampado ASME)<\/em>, edificaci\u00f3n de naves industriales, entre otros.<\/span><\/p>\n<\/div><\/div><\/div><\/div><\/div>[\/vc_column_inner][vc_column_inner width=\u00bb1\/3&#8243;][\/vc_column_inner][\/vc_row_inner][vc_row_inner][vc_column_inner width=\u00bb1\/3&#8243;]<div id='cws_service_item_69d036a65641b' class='cws_service_item cws_vc_shortcode_module title_under style_default a-left v-top servicio_ind bg_yellow  vc_custom_1628084621967'><a href='#' class='cws_service_item_wrapper clearfix'><div class='icon-varning'>Icon not found.<\/div><h6 class='cws_service_title with_counter'><span class='service_title_wrapper'>Generaci\u00f3n de energ\u00eda<\/span><span class=\"counter_divider\"><\/span><span class=\"service_counter\">01<\/span><\/h6><div class='cws_service_info'><div class='cws_service_desc clearfix'><ul>\n<li>Equipos para mantenimiento de plantas generadoras de energ\u00eda<\/li>\n<li>Reparaci\u00f3n o montajes de caldera<\/li>\n<li>Recipientes<\/li>\n<li>Reactores<\/li>\n<li>Pailer\u00eda<\/li>\n<li>Instrumentaci\u00f3n y control<\/li>\n<\/ul>\n<\/div><\/div><\/a><\/div><div class=\"cws_spacing\"><div class=\"cws_spacing cws_spacing_default\" style=\"height:40px;\"><\/div><\/div>[vc_single_image image=\u00bb3678&#8243; img_size=\u00bbfull\u00bb]<div class=\"cws_spacing\"><div class=\"cws_spacing cws_spacing_default\" style=\"height:40px;\"><\/div><\/div><div id='cws_service_item_69d036a656644' class='cws_service_item cws_vc_shortcode_module title_under style_default a-left v-top servicio_ind bg_black  vc_custom_1628630903533'><a href='#' class='cws_service_item_wrapper clearfix'><div class='icon-varning'>Icon not found.<\/div><h6 class='cws_service_title with_counter'><span class='service_title_wrapper'>Agroqu\u00edmicas<\/span><span class=\"counter_divider\"><\/span><span class=\"service_counter\">05<\/span><\/h6><div class='cws_service_info'><div class='cws_service_desc clearfix'><ul>\n<li>Tanques de almacenamiento<\/li>\n<li>Transportadoras<\/li>\n<li>Recipientes de proceso<\/li>\n<li>Instrumentaci\u00f3n y control<\/li>\n<\/ul>\n<\/div><\/div><\/a><\/div><div class=\"cws_spacing\"><div class=\"cws_spacing cws_spacing_default\" style=\"height:40px;\"><\/div><\/div><div id='cws_service_item_69d036a656808' class='cws_service_item cws_vc_shortcode_module title_under style_default a-left v-top servicio_ind bg_yellow  vc_custom_1628085122061'><a href='#' class='cws_service_item_wrapper clearfix'><div class='icon-varning'>Icon not found.<\/div><h6 class='cws_service_title with_counter'><span class='service_title_wrapper'>Alimenticias<\/span><span class=\"counter_divider\"><\/span><span class=\"service_counter\">07<\/span><\/h6><div class='cws_service_info'><div class='cws_service_desc clearfix'><ul>\n<li>Equipos sujetos a presi\u00f3n<\/li>\n<li>L\u00edneas de proceso grado alimenticio<\/li>\n<li>Acabados sanitarios<\/li>\n<li>Instrumentaci\u00f3n y control<\/li>\n<\/ul>\n<\/div><\/div><\/a><\/div>[\/vc_column_inner][vc_column_inner width=\u00bb1\/3&#8243;][vc_single_image image=\u00bb3685&#8243; img_size=\u00bbfull\u00bb]<div class=\"cws_spacing\"><div class=\"cws_spacing cws_spacing_default\" style=\"height:40px;\"><\/div><\/div><div id='cws_service_item_69d036a6569cd' class='cws_service_item cws_vc_shortcode_module title_under style_default a-left v-top servicio_ind bg_black  vc_custom_1628630892770'><a href='#' class='cws_service_item_wrapper clearfix'><div class='icon-varning'>Icon not found.<\/div><h6 class='cws_service_title with_counter'><span class='service_title_wrapper'>Cementeras<\/span><span class=\"counter_divider\"><\/span><span class=\"service_counter\">03<\/span><\/h6><div class='cws_service_info'><div class='cws_service_desc clearfix'><ul>\n<li>Mantenimiento a instalaciones en concreteras<\/li>\n<li>Mantenimiento a sistemas el\u00e9ctricos<\/li>\n<li>L\u00edneas transportadoras<\/li>\n<li>Obra civil<\/li>\n<\/ul>\n<\/div><\/div><\/a><\/div><div class=\"cws_spacing\"><div class=\"cws_spacing cws_spacing_default\" style=\"height:40px;\"><\/div><\/div><div id='cws_service_item_69d036a656b81' class='cws_service_item cws_vc_shortcode_module title_under style_default a-left v-top servicio_ind bg_yellow  vc_custom_1628630908951'><a href='#' class='cws_service_item_wrapper clearfix'><div class='icon-varning'>Icon not found.<\/div><h6 class='cws_service_title with_counter'><span class='service_title_wrapper'>Petroqu\u00edmica<\/span><span class=\"counter_divider\"><\/span><span class=\"service_counter\">06<\/span><\/h6><div class='cws_service_info'><div class='cws_service_desc clearfix'><ul>\n<li>Fabricaci\u00f3n de recipientes sujetos a presi\u00f3n<\/li>\n<li>Equipos de proceso<\/li>\n<li>Instrumentaci\u00f3n y control, l\u00edneas de proceso<\/li>\n<li>Estructura ligera, semipesada y pesada<\/li>\n<li>Torres de destilaci\u00f3n<\/li>\n<li>Cambiadores de calor<\/li>\n<\/ul>\n<\/div><\/div><\/a><\/div><div class=\"cws_spacing\"><div class=\"cws_spacing cws_spacing_default\" style=\"height:40px;\"><\/div><\/div><div id='cws_service_item_69d036a656d34' class='cws_service_item cws_vc_shortcode_module title_under style_default a-left v-top servicio_ind bg_black  vc_custom_1628630921346'><a href='#' class='cws_service_item_wrapper clearfix'><div class='icon-varning'>Icon not found.<\/div><h6 class='cws_service_title with_counter'><span class='service_title_wrapper'>Gas y ductos<\/span><span class=\"counter_divider\"><\/span><span class=\"service_counter\">08<\/span><\/h6><div class='cws_service_info'><div class='cws_service_desc clearfix'><ul>\n<li>Estaciones de rebombeo<\/li>\n<li>Instalaci\u00f3n de l\u00edneas para transporte de producto<\/li>\n<\/ul>\n<\/div><\/div><\/a><\/div>[\/vc_column_inner][vc_column_inner width=\u00bb1\/3&#8243;]<div id='cws_service_item_69d036a656ec4' class='cws_service_item cws_vc_shortcode_module title_under style_default a-left v-top servicio_ind bg_yellow  vc_custom_1628630884576'><a href='#' class='cws_service_item_wrapper clearfix'><div class='icon-varning'>Icon not found.<\/div><h6 class='cws_service_title with_counter'><span class='service_title_wrapper'>Sider\u00fargia<\/span><span class=\"counter_divider\"><\/span><span class=\"service_counter\">02<\/span><\/h6><div class='cws_service_info'><div class='cws_service_desc clearfix'><ul>\n<li>Servicio de mantenimiento a instalaciones<\/li>\n<li>Mantenimiento a instalaciones el\u00e9ctricas<\/li>\n<li>Construcci\u00f3n de naves<\/li>\n<\/ul>\n<\/div><\/div><\/a><\/div><div class=\"cws_spacing\"><div class=\"cws_spacing cws_spacing_default\" style=\"height:40px;\"><\/div><\/div><div id='cws_service_item_69d036a65706e' class='cws_service_item cws_vc_shortcode_module title_under style_default a-left v-top servicio_ind bg_black  vc_custom_1628629096871'><a href='#' class='cws_service_item_wrapper clearfix'><div class='icon-varning'>Icon not found.<\/div><h6 class='cws_service_title with_counter'><span class='service_title_wrapper'>Refiner\u00edas<\/span><span class=\"counter_divider\"><\/span><span class=\"service_counter\">04<\/span><\/h6><div class='cws_service_info'><div class='cws_service_desc clearfix'><ul>\n<li>Fabricaci\u00f3n de recipientes sujetos a presi\u00f3n<\/li>\n<li>Calderas<\/li>\n<li>Cambiadores de calor<\/li>\n<li>Equipos de proceso<\/li>\n<li>Torres de destilaci\u00f3n<\/li>\n<li>Reactores<\/li>\n<li>Reactor Catal\u00edtico<\/li>\n<\/ul>\n<\/div><\/div><\/a><\/div><div class=\"cws_spacing\"><div class=\"cws_spacing cws_spacing_default\" style=\"height:40px;\"><\/div><\/div>[vc_single_image image=\u00bb3692&#8243; img_size=\u00bbfull\u00bb]<div class=\"cws_spacing\"><div class=\"cws_spacing cws_spacing_default\" style=\"height:40px;\"><\/div><\/div><div id='cws_service_item_69d036a657235' class='cws_service_item cws_vc_shortcode_module title_under style_default a-left v-top servicio_ind bg_yellow  vc_custom_1628089311534'><a href='#' class='cws_service_item_wrapper clearfix'><div class='icon-varning'>Icon not found.<\/div><h6 class='cws_service_title with_counter'><span class='service_title_wrapper'>Qu\u00edmicas<\/span><span class=\"counter_divider\"><\/span><span class=\"service_counter\">09<\/span><\/h6><div class='cws_service_info'><div class='cws_service_desc clearfix'><ul>\n<li>Fabricaci\u00f3n de tanques de reacci\u00f3n<\/li>\n<li>Recipientes sujetos a presi\u00f3n<\/li>\n<li>Soldaduras especiales<\/li>\n<li>L\u00edneas de conducci\u00f3n<\/li>\n<li>Instrumentaci\u00f3n y control<\/li>\n<\/ul>\n<\/div><\/div><\/a><\/div>[\/vc_column_inner][\/vc_row_inner]<div class=\"cws_spacing\"><div class=\"cws_spacing cws_spacing_default\" style=\"height:70px;\"><\/div><\/div>[\/vc_column][\/vc_row][vc_row full_width=\u00bbstretch_row\u00bb bg_cws_repeat=\u00bbno-repeat\u00bb bg_cws_size=\u00bbcover\u00bb bg_image_position=\u00bbcenter_center\u00bb css=\u00bb.vc_custom_1629210135829{padding-top: 5rem !important;padding-bottom: 5rem !important;background-color: #ffffff !important;}\u00bb el_id=\u00bbfabricaciones\u00bb][vc_column][vc_row_inner css=\u00bb.vc_custom_1628119068110{margin-bottom: 4rem !important;}\u00bb][vc_column_inner width=\u00bb1\/3&#8243;][\/vc_column_inner][vc_column_inner width=\u00bb2\/3&#8243;]<div class='cws_textmodule cws_vc_shortcode_module' id='cws_textmodule_69d036a657387'><div class='cws_textmodule_wrapper '><div class='cws_textmodule_text text_align_right'><div class='cws_textmodule_titles display_block'><h1 class='cws_textmodule_title'><span>Fabricaciones<\/span><\/h1><\/div><div class='cws_textmodule_content'><div class='text_content_wrapper'><p><strong>Fabricaciones de secciones de Reactor Catal\u00edtico como son:<\/strong> L\u00edneas de transfer, ciclones primarios y secundarios del regenerador y separador del reactor catal\u00edtico, parte superior de la c\u00e1mara de orificios, fabricaci\u00f3n de Ryser, agotador y zona de paraguas, etc.<\/p>\n<\/div><\/div><\/div><\/div><\/div>[\/vc_column_inner][\/vc_row_inner][vc_row_inner][vc_column_inner width=\u00bb1\/3&#8243;]<div id='cws_service_item_69d036a6574cc' class='cws_service_item cws_vc_shortcode_module title_under style_default a-left v-top servicio_ind bg_yellow  vc_custom_1629209409949'><a href='#' class='cws_service_item_wrapper clearfix'><div class='icon-varning'>Icon not found.<\/div><h6 class='cws_service_title with_counter'><span class='service_title_wrapper'>Fabricaciones de recipientes de proceso.<\/span><span class=\"counter_divider\"><\/span><span class=\"service_counter\">01<\/span><\/h6><div class='cws_service_info'><\/div><\/a><\/div><div class=\"cws_spacing\"><div class=\"cws_spacing cws_spacing_default\" style=\"height:40px;\"><\/div><\/div>[vc_single_image image=\u00bb3604&#8243; img_size=\u00bbfull\u00bb]<div class=\"cws_spacing\"><div class=\"cws_spacing cws_spacing_default\" style=\"height:40px;\"><\/div><\/div><div id='cws_service_item_69d036a65761a' class='cws_service_item cws_vc_shortcode_module title_under style_default a-left v-top servicio_ind bg_black  vc_custom_1629209486110'><a href='#' class='cws_service_item_wrapper clearfix'><div class='icon-varning'>Icon not found.<\/div><h6 class='cws_service_title with_counter'><span class='service_title_wrapper'>Fabricaci\u00f3n de cambiadores de calor de baja, media o alta presi\u00f3n con estampado ASME.<\/span><span class=\"counter_divider\"><\/span><span class=\"service_counter\">05<\/span><\/h6><div class='cws_service_info'><\/div><\/a><\/div><div class=\"cws_spacing\"><div class=\"cws_spacing cws_spacing_default\" style=\"height:40px;\"><\/div><\/div><div id='cws_service_item_69d036a657752' class='cws_service_item cws_vc_shortcode_module title_under style_default a-left v-top servicio_ind bg_yellow  vc_custom_1629209990692'><a href='#' class='cws_service_item_wrapper clearfix'><div class='icon-varning'>Icon not found.<\/div><h6 class='cws_service_title with_counter'><span class='service_title_wrapper'>Fabricaci\u00f3n de Calentadores a fuego directo o secciones de ellos.<\/span><span class=\"counter_divider\"><\/span><span class=\"service_counter\">07<\/span><\/h6><div class='cws_service_info'><\/div><\/a><\/div>[\/vc_column_inner][vc_column_inner width=\u00bb1\/3&#8243;][vc_single_image image=\u00bb3598&#8243; img_size=\u00bbfull\u00bb]<div class=\"cws_spacing\"><div class=\"cws_spacing cws_spacing_default\" style=\"height:40px;\"><\/div><\/div><div id='cws_service_item_69d036a65789d' class='cws_service_item cws_vc_shortcode_module title_under style_default a-left v-top servicio_ind bg_black  vc_custom_1629209449768'><a href='#' class='cws_service_item_wrapper clearfix'><div class='icon-varning'>Icon not found.<\/div><h6 class='cws_service_title with_counter'><span class='service_title_wrapper'>Fabricaci\u00f3n de Chimeneas.<\/span><span class=\"counter_divider\"><\/span><span class=\"service_counter\">03<\/span><\/h6><div class='cws_service_info'><\/div><\/a><\/div><div class=\"cws_spacing\"><div class=\"cws_spacing cws_spacing_default\" style=\"height:40px;\"><\/div><\/div><div id='cws_service_item_69d036a6579d9' class='cws_service_item cws_vc_shortcode_module title_under style_default a-left v-top servicio_ind bg_yellow  vc_custom_1629209937431'><a href='#' class='cws_service_item_wrapper clearfix'><div class='icon-varning'>Icon not found.<\/div><h6 class='cws_service_title with_counter'><span class='service_title_wrapper'>Fabricaci\u00f3n de Torres de destilaci\u00f3n con estampado ASME.<\/span><span class=\"counter_divider\"><\/span><span class=\"service_counter\">06<\/span><\/h6><div class='cws_service_info'><\/div><\/a><\/div><div class=\"cws_spacing\"><div class=\"cws_spacing cws_spacing_default\" style=\"height:40px;\"><\/div><\/div>[vc_single_image image=\u00bb3570&#8243; img_size=\u00bbfull\u00bb][\/vc_column_inner][vc_column_inner width=\u00bb1\/3&#8243;]<div id='cws_service_item_69d036a657b0a' class='cws_service_item cws_vc_shortcode_module title_under style_default a-left v-top servicio_ind bg_yellow  vc_custom_1629209430208'><a href='#' class='cws_service_item_wrapper clearfix'><div class='icon-varning'>Icon not found.<\/div><h6 class='cws_service_title with_counter'><span class='service_title_wrapper'>Fabricaci\u00f3n de recipientes con estampado ASME.<\/span><span class=\"counter_divider\"><\/span><span class=\"service_counter\">02<\/span><\/h6><div class='cws_service_info'><\/div><\/a><\/div><div class=\"cws_spacing\"><div class=\"cws_spacing cws_spacing_default\" style=\"height:40px;\"><\/div><\/div><div id='cws_service_item_69d036a657c51' class='cws_service_item cws_vc_shortcode_module title_under style_default a-left v-top servicio_ind bg_black  vc_custom_1629209984795'><a href='#' class='cws_service_item_wrapper clearfix'><div class='icon-varning'>Icon not found.<\/div><h6 class='cws_service_title with_counter'><span class='service_title_wrapper'>Fabricaci\u00f3n de haz de tubos de Admiralty, Monel, Acero al Carb\u00f3n o Aleaciones especiales.<\/span><span class=\"counter_divider\"><\/span><span class=\"service_counter\">04<\/span><\/h6><div class='cws_service_info'><\/div><\/a><\/div><div class=\"cws_spacing\"><div class=\"cws_spacing cws_spacing_default\" style=\"height:40px;\"><\/div><\/div>[vc_single_image image=\u00bb3593&#8243; img_size=\u00bbfull\u00bb]<div class=\"cws_spacing\"><div class=\"cws_spacing cws_spacing_default\" style=\"height:40px;\"><\/div><\/div><div id='cws_service_item_69d036a657d99' class='cws_service_item cws_vc_shortcode_module title_under style_default a-left v-top servicio_ind bg_black  vc_custom_1629209538733'><a href='#' class='cws_service_item_wrapper clearfix'><div class='icon-varning'>Icon not found.<\/div><h6 class='cws_service_title with_counter'><span class='service_title_wrapper'>Tanques de Almacenamiento.<\/span><span class=\"counter_divider\"><\/span><span class=\"service_counter\">08<\/span><\/h6><div class='cws_service_info'><\/div><\/a><\/div>[\/vc_column_inner][\/vc_row_inner][\/vc_column][\/vc_row]\n<\/div>","protected":false},"excerpt":{"rendered":"<p>[vc_row full_width=\u00bbstretch_row\u00bb bg_cws_repeat=\u00bbno-repeat\u00bb bg_cws_size=\u00bbcover\u00bb bg_image_position=\u00bbcenter_center\u00bb css=\u00bb.vc_custom_1628119062079{padding-top: 5rem !important;padding-bottom: 5rem !important;background-color: #ffffff !important;}\u00bb el_id=\u00bbservicios\u00bb][vc_column][vc_row_inner css=\u00bb.vc_custom_1628119068110{margin-bottom: 4rem !important;}\u00bb][vc_column_inner width=\u00bb2\/3&#8243;][\/vc_column_inner][vc_column_inner width=\u00bb1\/3&#8243;][\/vc_column_inner][\/vc_row_inner][vc_row_inner][vc_column_inner width=\u00bb1\/3&#8243;][vc_single_image image=\u00bb3678&#8243; img_size=\u00bbfull\u00bb][\/vc_column_inner][vc_column_inner width=\u00bb1\/3&#8243;][vc_single_image image=\u00bb3685&#8243; img_size=\u00bbfull\u00bb][\/vc_column_inner][vc_column_inner width=\u00bb1\/3&#8243;][vc_single_image image=\u00bb3692&#8243; img_size=\u00bbfull\u00bb][\/vc_column_inner][\/vc_row_inner][\/vc_column][\/vc_row][vc_row full_width=\u00bbstretch_row\u00bb bg_cws_repeat=\u00bbno-repeat\u00bb bg_cws_size=\u00bbcover\u00bb bg_image_position=\u00bbcenter_center\u00bb css=\u00bb.vc_custom_1629210135829{padding-top: 5rem !important;padding-bottom: 5rem !important;background-color: #ffffff !important;}\u00bb el_id=\u00bbfabricaciones\u00bb][vc_column][vc_row_inner css=\u00bb.vc_custom_1628119068110{margin-bottom: 4rem !important;}\u00bb][vc_column_inner width=\u00bb1\/3&#8243;][\/vc_column_inner][vc_column_inner width=\u00bb2\/3&#8243;][\/vc_column_inner][\/vc_row_inner][vc_row_inner][vc_column_inner width=\u00bb1\/3&#8243;][vc_single_image image=\u00bb3604&#8243; img_size=\u00bbfull\u00bb][\/vc_column_inner][vc_column_inner width=\u00bb1\/3&#8243;][vc_single_image image=\u00bb3598&#8243; img_size=\u00bbfull\u00bb][vc_single_image image=\u00bb3570&#8243; img_size=\u00bbfull\u00bb][\/vc_column_inner][vc_column_inner width=\u00bb1\/3&#8243;][vc_single_image image=\u00bb3593&#8243; img_size=\u00bbfull\u00bb][\/vc_column_inner][\/vc_row_inner][\/vc_column][\/vc_row]<\/p>\n","protected":false},"author":1,"featured_media":0,"parent":0,"menu_order":0,"comment_status":"closed","ping_status":"closed","template":"","meta":{"footnotes":""},"class_list":["post-3539","page","type-page","status-publish","hentry"],"_links":{"self":[{"href":"https:\/\/ciframa.com.mx\/index.php\/wp-json\/wp\/v2\/pages\/3539","targetHints":{"allow":["GET"]}}],"collection":[{"href":"https:\/\/ciframa.com.mx\/index.php\/wp-json\/wp\/v2\/pages"}],"about":[{"href":"https:\/\/ciframa.com.mx\/index.php\/wp-json\/wp\/v2\/types\/page"}],"author":[{"embeddable":true,"href":"https:\/\/ciframa.com.mx\/index.php\/wp-json\/wp\/v2\/users\/1"}],"replies":[{"embeddable":true,"href":"https:\/\/ciframa.com.mx\/index.php\/wp-json\/wp\/v2\/comments?post=3539"}],"version-history":[{"count":64,"href":"https:\/\/ciframa.com.mx\/index.php\/wp-json\/wp\/v2\/pages\/3539\/revisions"}],"predecessor-version":[{"id":3707,"href":"https:\/\/ciframa.com.mx\/index.php\/wp-json\/wp\/v2\/pages\/3539\/revisions\/3707"}],"wp:attachment":[{"href":"https:\/\/ciframa.com.mx\/index.php\/wp-json\/wp\/v2\/media?parent=3539"}],"curies":[{"name":"wp","href":"https:\/\/api.w.org\/{rel}","templated":true}]}}