{"id":3697,"date":"2021-08-17T14:00:52","date_gmt":"2021-08-17T14:00:52","guid":{"rendered":"https:\/\/ciframa.com.mx\/?page_id=3697"},"modified":"2021-08-31T17:51:59","modified_gmt":"2021-08-31T17:51:59","slug":"aviso-de-privacidad","status":"publish","type":"page","link":"https:\/\/ciframa.com.mx\/index.php\/aviso-de-privacidad\/","title":{"rendered":"Aviso de privacidad"},"content":{"rendered":"<div class=\"wpb-content-wrapper\">[vc_row][vc_column][vc_column_text]\n<h1 style=\"text-align: center;\">Aviso de privacidad<\/h1>\n<p>&nbsp;<\/p>\n<h3>\u00bfQui\u00e9nes somos?<\/h3>\n<p>CIFRAMA S.A. de C.V., mejor conocido como CIFRAMA, con domicilio en calle Blvd. Tula Iturbe Km. 1.5 2do. Piso, colonia El Salitre, ciudad Tula de Allende, municipio o delegaci\u00f3n Tula de Allende, c.p. 42808, en la entidad de Hidalgo, pa\u00eds M\u00e9xico, y portal de internet <a href=\"https:\/\/ciframa.com.mx\/\" target=\"_blank\" rel=\"noopener\">www.ciframa.com.mx<\/a>, es el responsable del uso y protecci\u00f3n de sus datos personales, y al respecto le informamos lo siguiente:<\/p>\n<h3>\u00bfPara qu\u00e9 fines utilizaremos sus datos personales?<\/h3>\n<p>De manera adicional, utilizaremos su informaci\u00f3n personal para las siguientes finalidades secundarias que no son necesarias para el servicio solicitado, pero que nos permiten y facilitan brindarle una mejor atenci\u00f3n:<\/p>\n<ul>\n<li>Contactarlo para comunicarle servicios o productos.<\/li>\n<li>Contacto para contrataci\u00f3n de personal.<\/li>\n<li>Dar m\u00e1s informaci\u00f3n de los servicios y\/o productos.<\/li>\n<li>Registrarlo como posible cliente a efecto de dar seguimiento y control a los servicios a contratar.<\/li>\n<li>Registrarlo como posible proveedor a efecto de dar seguimiento.<\/li>\n<li>Orientaci\u00f3n, asesor\u00eda, venta sobre nuestros productos y servicios que ofrecemos.<\/li>\n<li>Mercadotecnia o publicitaria.<\/li>\n<li>Prospecci\u00f3n comercial.<\/li>\n<\/ul>\n<p>En caso de que no desee que sus datos personales se utilicen para estos fines secundarios, ind\u00edquelo a continuaci\u00f3n:<\/p>\n<p>No consiento que mis datos personales se utilicen para los siguientes fines:<\/p>\n[ ] Contactarlo para comunicarle servicios o productos.<br \/>\n[ ] Contacto para contrataci\u00f3n de personal<br \/>\n[ ] Dar m\u00e1s informaci\u00f3n de los servicios y\/o productos.<br \/>\n[ ] Registrarlo como posible cliente a efecto de dar seguimiento y control a los servicios a contratar.<br \/>\n[ ] Registrarlo como posible proveedor a efecto de dar seguimiento.<br \/>\n[ ] Orientaci\u00f3n, asesor\u00eda, venta sobre nuestros productos y servicios que ofrecemos.<br \/>\n[ ] Mercadotecnia o publicitaria<br \/>\n[ ] Prospecci\u00f3n comercial<\/p>\n<p>La negativa para el uso de sus datos personales para estas finalidades no podr\u00e1 ser un motivo para que le neguemos los servicios y productos que solicita o contrata con nosotros.<\/p>\n<h3>\u00bfD\u00f3nde puedo consultar el aviso de privacidad integral?<\/h3>\n<p>Para conocer mayor informaci\u00f3n sobre los t\u00e9rminos y condiciones en que ser\u00e1n tratados sus datos personales, como los terceros con quienes compartimos su informaci\u00f3n personal y la forma en que podr\u00e1 ejercer sus derechos ARCO, puede consultar el aviso de privacidad integral en:[\/vc_column_text][\/vc_column][\/vc_row]\n<\/div>","protected":false},"excerpt":{"rendered":"<p>[vc_row][vc_column][vc_column_text] Aviso de privacidad &nbsp; \u00bfQui\u00e9nes somos? CIFRAMA S.A. de C.V., mejor conocido como CIFRAMA, con domicilio en calle Blvd. Tula Iturbe Km. 1.5 2do. Piso, colonia El Salitre, ciudad Tula de Allende, municipio o delegaci\u00f3n Tula de Allende, c.p. 42808, en la entidad de Hidalgo, pa\u00eds M\u00e9xico, y portal de internet www.ciframa.com.mx, es el responsable del uso y protecci\u00f3n de sus datos personales, y al respecto le informamos lo siguiente: \u00bfPara qu\u00e9 fines utilizaremos sus datos personales? De manera adicional, utilizaremos su informaci\u00f3n personal para las siguientes finalidades secundarias que no son necesarias para el servicio solicitado, pero que nos permiten y facilitan brindarle una mejor atenci\u00f3n: Contactarlo para comunicarle servicios o productos. Contacto para contrataci\u00f3n de personal. Dar m\u00e1s informaci\u00f3n de los servicios y\/o productos. Registrarlo como posible cliente a efecto de dar seguimiento y control a los servicios a contratar. Registrarlo como posible proveedor a efecto de dar seguimiento. Orientaci\u00f3n, asesor\u00eda, venta sobre nuestros productos y servicios que ofrecemos. Mercadotecnia o publicitaria. Prospecci\u00f3n comercial. En caso de que no desee que sus datos personales se utilicen para estos fines secundarios, ind\u00edquelo a continuaci\u00f3n: No consiento que mis datos personales se utilicen para los siguientes fines: [ ] Contactarlo para comunicarle servicios o productos. [ ] Contacto para contrataci\u00f3n de personal [ ] Dar m\u00e1s informaci\u00f3n de los servicios y\/o productos. [ ] Registrarlo como posible cliente a efecto de dar seguimiento y control a los servicios a contratar. [ ] Registrarlo como posible proveedor a efecto de dar seguimiento. [ ] Orientaci\u00f3n, asesor\u00eda, venta sobre nuestros productos y servicios que ofrecemos. [ ] Mercadotecnia o publicitaria [ ] Prospecci\u00f3n comercial La negativa para el uso de sus datos personales para estas finalidades no podr\u00e1 ser un motivo para que le neguemos los servicios y productos que solicita o contrata con nosotros. \u00bfD\u00f3nde puedo consultar el aviso de privacidad integral? Para conocer mayor informaci\u00f3n sobre los t\u00e9rminos y condiciones en que ser\u00e1n tratados sus datos personales, como los terceros con quienes compartimos su informaci\u00f3n personal y la forma en que podr\u00e1 ejercer sus derechos ARCO, puede consultar el aviso de privacidad integral en:[\/vc_column_text][\/vc_column][\/vc_row]<\/p>\n","protected":false},"author":1,"featured_media":0,"parent":0,"menu_order":0,"comment_status":"closed","ping_status":"closed","template":"","meta":{"footnotes":""},"class_list":["post-3697","page","type-page","status-publish","hentry"],"_links":{"self":[{"href":"https:\/\/ciframa.com.mx\/index.php\/wp-json\/wp\/v2\/pages\/3697","targetHints":{"allow":["GET"]}}],"collection":[{"href":"https:\/\/ciframa.com.mx\/index.php\/wp-json\/wp\/v2\/pages"}],"about":[{"href":"https:\/\/ciframa.com.mx\/index.php\/wp-json\/wp\/v2\/types\/page"}],"author":[{"embeddable":true,"href":"https:\/\/ciframa.com.mx\/index.php\/wp-json\/wp\/v2\/users\/1"}],"replies":[{"embeddable":true,"href":"https:\/\/ciframa.com.mx\/index.php\/wp-json\/wp\/v2\/comments?post=3697"}],"version-history":[{"count":7,"href":"https:\/\/ciframa.com.mx\/index.php\/wp-json\/wp\/v2\/pages\/3697\/revisions"}],"predecessor-version":[{"id":3732,"href":"https:\/\/ciframa.com.mx\/index.php\/wp-json\/wp\/v2\/pages\/3697\/revisions\/3732"}],"wp:attachment":[{"href":"https:\/\/ciframa.com.mx\/index.php\/wp-json\/wp\/v2\/media?parent=3697"}],"curies":[{"name":"wp","href":"https:\/\/api.w.org\/{rel}","templated":true}]}}